{"id":16622,"date":"2024-09-19T07:50:46","date_gmt":"2024-09-19T07:50:46","guid":{"rendered":"https:\/\/www.terrera.ag\/impressum\/"},"modified":"2025-03-06T12:10:00","modified_gmt":"2025-03-06T12:10:00","slug":"imprint","status":"publish","type":"page","link":"https:\/\/www.terrera.ag\/es\/imprint\/","title":{"rendered":"imprimir"},"content":{"rendered":"<!-- Legal document generated by Complianz | GDPR\/CCPA Cookie Consent https:\/\/wordpress.org\/plugins\/complianz-gdpr -->\n<div id=\"cmplz-document\" class=\"cmplz-document impressum cmplz-document-all\"><p><i>This imprint was last updated on febrero 25, 2025.<\/i><\/p><p class=\"cmplz-subtitle\">El propietario de este sitio web es:<\/p><p>Terrera AG<br>Calle Schlossstr. 19<br \/>\nD-82031 Gr\u00fcnwald<br>Alemania<br>Correo electr\u00f3nico:&nbsp;<span class=\"cmplz-obfuscate\">i&#110;&#102;o@<span class=\"cmplz-fmail-domain\">ex&#046;co&#109;<\/span>ter&#114;era.ag<\/span><br>N\u00famero de tel\u00e9fono: +49 6474 2744 -16<br>N\u00famero de IVA: DE311205524<\/p><p class=\"cmplz-subtitle\">El\/los representante(s) legal(es) de Terrera AG:<\/p><p>Se\u00f1or Michael Lenz<\/p><h2>1er General<\/h2><p class=\"cmplz-subtitle\">1.1 Estamos registrados en el Amtsgericht M\u00fcnchen con el n\u00famero de licencia o registro:<\/p><p>HRB-293323<\/p><p>No estamos dispuestos ni obligados a participar en procedimientos de resoluci\u00f3n de disputas ante una junta de arbitraje de consumo.<\/p><h2>2. La siguiente informaci\u00f3n es obligatoria seg\u00fan la legislaci\u00f3n alemana.<\/h2><p class=\"cmplz-subtitle\">2.1 Las acciones de propiedad de la Compa\u00f1\u00eda (capital social) emitidas por ella:<\/p><p>50.000,00 \u20ac<\/p><h2>3. Informaci\u00f3n adicional<\/h2><p>N.\u00ba EORI: DE702408165639935<br \/>\nC\u00f3digo de operador de la UIT: TERGER<br \/>\n<br \/>\nTel\u00e9fono: +49 64742744 - 63<br \/>\n <\/p><\/div>","protected":false},"excerpt":{"rendered":"","protected":false},"author":1,"featured_media":0,"parent":0,"menu_order":0,"comment_status":"closed","ping_status":"closed","template":"","meta":{"_acf_changed":false,"content-type":"","footnotes":""},"class_list":["post-16622","page","type-page","status-publish","hentry"],"acf":[],"yoast_head":"<!-- This site is optimized with the Yoast SEO Premium plugin v26.4 (Yoast SEO v26.5) - https:\/\/yoast.com\/wordpress\/plugins\/seo\/ -->\n<title>Impressum - WordPress-Website<\/title>\n<meta name=\"robots\" content=\"noindex, nofollow\" \/>\n<meta property=\"og:locale\" content=\"es_ES\" \/>\n<meta property=\"og:type\" content=\"article\" \/>\n<meta property=\"og:title\" content=\"Impressum\" \/>\n<meta property=\"og:url\" content=\"https:\/\/www.terrera.ag\/es\/imprint\/\" \/>\n<meta property=\"og:site_name\" content=\"WordPress-Website\" \/>\n<meta property=\"article:modified_time\" content=\"2025-03-06T12:10:00+00:00\" \/>\n<meta name=\"twitter:card\" content=\"summary_large_image\" \/>\n<meta name=\"twitter:label1\" content=\"Tiempo de lectura\" \/>\n\t<meta name=\"twitter:data1\" content=\"1 minuto\" \/>\n<script type=\"application\/ld+json\" class=\"yoast-schema-graph\">{\"@context\":\"https:\/\/schema.org\",\"@graph\":[{\"@type\":\"WebPage\",\"@id\":\"https:\/\/www.terrera.ag\/imprint\/\",\"url\":\"https:\/\/www.terrera.ag\/imprint\/\",\"name\":\"Impressum - WordPress-Website\",\"isPartOf\":{\"@id\":\"https:\/\/www.terrera.ag\/#website\"},\"datePublished\":\"2024-09-19T07:50:46+00:00\",\"dateModified\":\"2025-03-06T12:10:00+00:00\",\"breadcrumb\":{\"@id\":\"https:\/\/www.terrera.ag\/imprint\/#breadcrumb\"},\"inLanguage\":\"es\",\"potentialAction\":[{\"@type\":\"ReadAction\",\"target\":[\"https:\/\/www.terrera.ag\/imprint\/\"]}]},{\"@type\":\"BreadcrumbList\",\"@id\":\"https:\/\/www.terrera.ag\/imprint\/#breadcrumb\",\"itemListElement\":[{\"@type\":\"ListItem\",\"position\":1,\"name\":\"Home\",\"item\":\"https:\/\/www.terrera.ag\/\"},{\"@type\":\"ListItem\",\"position\":2,\"name\":\"Impressum\"}]},{\"@type\":\"WebSite\",\"@id\":\"https:\/\/www.terrera.ag\/#website\",\"url\":\"https:\/\/www.terrera.ag\/\",\"name\":\"Managed Cloud Provider\",\"description\":\"\",\"publisher\":{\"@id\":\"https:\/\/www.terrera.ag\/#organization\"},\"potentialAction\":[{\"@type\":\"SearchAction\",\"target\":{\"@type\":\"EntryPoint\",\"urlTemplate\":\"https:\/\/www.terrera.ag\/?s={search_term_string}\"},\"query-input\":{\"@type\":\"PropertyValueSpecification\",\"valueRequired\":true,\"valueName\":\"search_term_string\"}}],\"inLanguage\":\"es\"},{\"@type\":\"Organization\",\"@id\":\"https:\/\/www.terrera.ag\/#organization\",\"name\":\"Terrera AG\",\"url\":\"https:\/\/www.terrera.ag\/\",\"logo\":{\"@type\":\"ImageObject\",\"inLanguage\":\"es\",\"@id\":\"https:\/\/www.terrera.ag\/#\/schema\/logo\/image\/\",\"url\":\"https:\/\/www.terrera.ag\/wp-content\/uploads\/2024\/06\/download.svg\",\"contentUrl\":\"https:\/\/www.terrera.ag\/wp-content\/uploads\/2024\/06\/download.svg\",\"width\":127,\"height\":95,\"caption\":\"Terrera AG\"},\"image\":{\"@id\":\"https:\/\/www.terrera.ag\/#\/schema\/logo\/image\/\"}}]}<\/script>\n<!-- \/ Yoast SEO Premium plugin. -->","yoast_head_json":{"title":"Impressum - WordPress-Website","robots":{"index":"noindex","follow":"nofollow"},"og_locale":"es_ES","og_type":"article","og_title":"Impressum","og_url":"https:\/\/www.terrera.ag\/es\/imprint\/","og_site_name":"WordPress-Website","article_modified_time":"2025-03-06T12:10:00+00:00","twitter_card":"summary_large_image","twitter_misc":{"Tiempo de lectura":"1 minuto"},"schema":{"@context":"https:\/\/schema.org","@graph":[{"@type":"WebPage","@id":"https:\/\/www.terrera.ag\/imprint\/","url":"https:\/\/www.terrera.ag\/imprint\/","name":"Impressum - WordPress-Website","isPartOf":{"@id":"https:\/\/www.terrera.ag\/#website"},"datePublished":"2024-09-19T07:50:46+00:00","dateModified":"2025-03-06T12:10:00+00:00","breadcrumb":{"@id":"https:\/\/www.terrera.ag\/imprint\/#breadcrumb"},"inLanguage":"es","potentialAction":[{"@type":"ReadAction","target":["https:\/\/www.terrera.ag\/imprint\/"]}]},{"@type":"BreadcrumbList","@id":"https:\/\/www.terrera.ag\/imprint\/#breadcrumb","itemListElement":[{"@type":"ListItem","position":1,"name":"Home","item":"https:\/\/www.terrera.ag\/"},{"@type":"ListItem","position":2,"name":"Impressum"}]},{"@type":"WebSite","@id":"https:\/\/www.terrera.ag\/#website","url":"https:\/\/www.terrera.ag\/","name":"Managed Cloud Provider","description":"","publisher":{"@id":"https:\/\/www.terrera.ag\/#organization"},"potentialAction":[{"@type":"SearchAction","target":{"@type":"EntryPoint","urlTemplate":"https:\/\/www.terrera.ag\/?s={search_term_string}"},"query-input":{"@type":"PropertyValueSpecification","valueRequired":true,"valueName":"search_term_string"}}],"inLanguage":"es"},{"@type":"Organization","@id":"https:\/\/www.terrera.ag\/#organization","name":"Terrera AG","url":"https:\/\/www.terrera.ag\/","logo":{"@type":"ImageObject","inLanguage":"es","@id":"https:\/\/www.terrera.ag\/#\/schema\/logo\/image\/","url":"https:\/\/www.terrera.ag\/wp-content\/uploads\/2024\/06\/download.svg","contentUrl":"https:\/\/www.terrera.ag\/wp-content\/uploads\/2024\/06\/download.svg","width":127,"height":95,"caption":"Terrera AG"},"image":{"@id":"https:\/\/www.terrera.ag\/#\/schema\/logo\/image\/"}}]}},"_links":{"self":[{"href":"https:\/\/www.terrera.ag\/es\/wp-json\/wp\/v2\/pages\/16622","targetHints":{"allow":["GET"]}}],"collection":[{"href":"https:\/\/www.terrera.ag\/es\/wp-json\/wp\/v2\/pages"}],"about":[{"href":"https:\/\/www.terrera.ag\/es\/wp-json\/wp\/v2\/types\/page"}],"author":[{"embeddable":true,"href":"https:\/\/www.terrera.ag\/es\/wp-json\/wp\/v2\/users\/1"}],"replies":[{"embeddable":true,"href":"https:\/\/www.terrera.ag\/es\/wp-json\/wp\/v2\/comments?post=16622"}],"version-history":[{"count":0,"href":"https:\/\/www.terrera.ag\/es\/wp-json\/wp\/v2\/pages\/16622\/revisions"}],"wp:attachment":[{"href":"https:\/\/www.terrera.ag\/es\/wp-json\/wp\/v2\/media?parent=16622"}],"curies":[{"name":"wp","href":"https:\/\/api.w.org\/{rel}","templated":true}]}}